{"id":68,"date":"2014-09-18T02:11:34","date_gmt":"2014-09-18T00:11:34","guid":{"rendered":"https:\/\/staging.rwfund.org\/eng\/?page_id=68"},"modified":"2024-05-10T15:51:10","modified_gmt":"2024-05-10T13:51:10","slug":"roma-girls-solidarity","status":"publish","type":"page","link":"https:\/\/staging.rwfund.org\/eng\/programs\/special-focus\/roma-girls-solidarity\/","title":{"rendered":"Roma Girls\u2019 Solidarity"},"content":{"rendered":"<p><strong>Roma Girls&#8217; Solidarity<\/strong> is a part of the <a title=\"Special Focus\" href=\"https:\/\/staging.rwfund.org\/eng\/programs\/special-focus\/\"><strong>Special Focus<\/strong><\/a> support program \u2013 it\u2019s an educational program organized by <strong>RWF<\/strong> since 2011 in southern Serbia, attended by more than forty Roma girls, aged 14 &#8211; 21, from Ni\u0161, Jela\u0161nica, Pirot, Vlasotince, Vranje, Bujanovac, Aleksinac, Vladi\u010din Han, Predejan, Greja\u010d, Bela Palanka. It&#8217;s intention is to create an open space for active learning, gaining knowledge and skills, using art to express personal experiences, energies, feelings and memories, needs and opinions, as well as questions addressing the immediate surrounding, but also broader public. Through this program, girls are being empowered to step out in public, to raise their usually suppressed voices (suppressed because they are Roma, they are young, they are women, they are poor) and speak out about topics they probably never spoke of before, to make friends, to connect with each other and support each other, as well as to meet various artists and activists.<\/p>\n<p>In 2012, in cooperation with <strong>Patricia Ariza<\/strong>, a Columbian theatre director and political activist, the <span style=\"color: #ff2500;\">collective performance <\/span><strong>Pasarela<\/strong> was created, based on individual stories and memories of the girls and expressing the \u201edefense of diversity of bodies, sizes, ages, traditions, choices, voices, visions and ways of thinking of the women\u201c. Actors were program participants and members of artistic-activist group ACT Women from Belgrade. Through stories about violence against women, war rapes, child marriages, the cult of preserving innocence, lesbianship, femicide, life and struggle on the margins, this performance promotes empowering, empathy, breaking the isolation, protest and demand to&#8230; \u201eContinue my education\u201c, \u201eChoose the person I love\u201c, \u201eChange the decisions I previously made\u201c, \u201eBe fat\u201c&#8230; The performance continued to live through the movie bearing the same name, <span style=\"color: #ff2500;\">which trailer can be seen at\u00a0\u00a0<a href=\"http:\/\/rwfund.us9.list-manage.com\/track\/click?u=45fc29a6af3153f08b7929d17&amp;id=8d2640aefc&amp;e=ca93659103\">&gt; &gt; &gt;<\/a><br \/>\n<\/span><br \/>\nIn July 2014, working for a week with <strong>Ana Woolf,<\/strong> an artist from Argentina, <strong>Vera Ribeiro<\/strong>, an artist from Brasil, and their old friends from <strong>ACT Women<\/strong>, the girls exchanged various experiences and took part in the process of rethinking our attitudes toward our bodies and voices and learned how to treat them responsibly. The joint work resulted in the performance <strong>&#8220;Presence in Life&#8221;<\/strong>, played in the Puppet Theatre in Ni\u0161 and in Roma settlements in Vlasotince and Pirot.<\/p>\n<p>As Ana Woolf put it, &#8220;Every day we will find a new door to struggle with, to pass through. New places to pass through, to dance in, to stay in, to step into&#8221;. Solidarity (as well as enthusiasm and decisiveness) of Roma girls <a href=\"https:\/\/staging.rwfund.org\/rwfund-video\/prisustvo-u-zivotu\/\">will keep that door wide open<\/a>.<\/p>\n","protected":false},"excerpt":{"rendered":"<p>Roma Girls&#8217; Solidarity is a part of the Special Focus support program \u2013 it\u2019s an educational program organized by RWF since 2011 in southern Serbia, attended by more than forty Roma girls, aged 14 &#8211; 21, from Ni\u0161, Jela\u0161nica, Pirot, Vlasotince, Vranje, Bujanovac, Aleksinac, Vladi\u010din Han, Predejan, Greja\u010d, Bela Palanka. It&#8217;s intention is to create &#8230; <a title=\"Roma Girls\u2019 Solidarity\" class=\"read-more\" href=\"https:\/\/staging.rwfund.org\/eng\/programs\/special-focus\/roma-girls-solidarity\/\" aria-label=\"Read more about Roma Girls\u2019 Solidarity\">MORE<\/a><\/p>\n","protected":false},"author":1,"featured_media":16366,"parent":14478,"menu_order":0,"comment_status":"closed","ping_status":"closed","template":"","meta":{"_kad_blocks_custom_css":"","_kad_blocks_head_custom_js":"","_kad_blocks_body_custom_js":"","_kad_blocks_footer_custom_js":"","footnotes":""},"categories":[],"tags":[],"class_list":{"0":"post-68","1":"page","2":"type-page","3":"status-publish","4":"has-post-thumbnail","6":"infinite-scroll-item","7":"no-featured-image-padding"},"yoast_head":"<!-- This site is optimized with the Yoast SEO plugin v27.4 - https:\/\/yoast.com\/product\/yoast-seo-wordpress\/ -->\n<title>Roma Girls\u2019 Solidarity - Reconstruction Women&#039;s Fund<\/title>\n<meta name=\"robots\" content=\"noindex, follow, max-snippet:-1, max-image-preview:large, max-video-preview:-1\" \/>\n<meta property=\"og:locale\" content=\"en_US\" \/>\n<meta property=\"og:type\" content=\"article\" \/>\n<meta property=\"og:title\" content=\"Roma Girls\u2019 Solidarity - Reconstruction Women&#039;s Fund\" \/>\n<meta property=\"og:description\" content=\"Roma Girls&#8217; Solidarity is a part of the Special Focus support program \u2013 it\u2019s an educational program organized by RWF since 2011 in southern Serbia, attended by more than forty Roma girls, aged 14 &#8211; 21, from Ni\u0161, Jela\u0161nica, Pirot, Vlasotince, Vranje, Bujanovac, Aleksinac, Vladi\u010din Han, Predejan, Greja\u010d, Bela Palanka. It&#8217;s intention is to create ... MORE\" \/>\n<meta property=\"og:url\" content=\"https:\/\/staging.rwfund.org\/eng\/programs\/special-focus\/roma-girls-solidarity\/\" \/>\n<meta property=\"og:site_name\" content=\"Reconstruction Women&#039;s Fund\" \/>\n<meta property=\"article:modified_time\" content=\"2024-05-10T13:51:10+00:00\" \/>\n<meta property=\"og:image\" content=\"https:\/\/staging.rwfund.org\/eng\/wp-content\/uploads\/sites\/2\/2024\/05\/rzf-logo-02.jpg\" \/>\n\t<meta property=\"og:image:width\" content=\"1240\" \/>\n\t<meta property=\"og:image:height\" content=\"774\" \/>\n\t<meta property=\"og:image:type\" content=\"image\/jpeg\" \/>\n<meta name=\"twitter:card\" content=\"summary_large_image\" \/>\n<meta name=\"twitter:label1\" content=\"Est. reading time\" \/>\n\t<meta name=\"twitter:data1\" content=\"2 minutes\" \/>\n<script type=\"application\/ld+json\" class=\"yoast-schema-graph\">{\"@context\":\"https:\\\/\\\/schema.org\",\"@graph\":[{\"@type\":\"WebPage\",\"@id\":\"https:\\\/\\\/staging.rwfund.org\\\/eng\\\/programs\\\/special-focus\\\/roma-girls-solidarity\\\/\",\"url\":\"https:\\\/\\\/staging.rwfund.org\\\/eng\\\/programs\\\/special-focus\\\/roma-girls-solidarity\\\/\",\"name\":\"Roma Girls\u2019 Solidarity - Reconstruction Women&#039;s Fund\",\"isPartOf\":{\"@id\":\"https:\\\/\\\/staging.rwfund.org\\\/eng\\\/#website\"},\"primaryImageOfPage\":{\"@id\":\"https:\\\/\\\/staging.rwfund.org\\\/eng\\\/programs\\\/special-focus\\\/roma-girls-solidarity\\\/#primaryimage\"},\"image\":{\"@id\":\"https:\\\/\\\/staging.rwfund.org\\\/eng\\\/programs\\\/special-focus\\\/roma-girls-solidarity\\\/#primaryimage\"},\"thumbnailUrl\":\"https:\\\/\\\/staging.rwfund.org\\\/eng\\\/wp-content\\\/uploads\\\/sites\\\/2\\\/2024\\\/05\\\/rzf-logo-02.jpg\",\"datePublished\":\"2014-09-18T00:11:34+00:00\",\"dateModified\":\"2024-05-10T13:51:10+00:00\",\"breadcrumb\":{\"@id\":\"https:\\\/\\\/staging.rwfund.org\\\/eng\\\/programs\\\/special-focus\\\/roma-girls-solidarity\\\/#breadcrumb\"},\"inLanguage\":\"en-US\",\"potentialAction\":[{\"@type\":\"ReadAction\",\"target\":[\"https:\\\/\\\/staging.rwfund.org\\\/eng\\\/programs\\\/special-focus\\\/roma-girls-solidarity\\\/\"]}]},{\"@type\":\"ImageObject\",\"inLanguage\":\"en-US\",\"@id\":\"https:\\\/\\\/staging.rwfund.org\\\/eng\\\/programs\\\/special-focus\\\/roma-girls-solidarity\\\/#primaryimage\",\"url\":\"https:\\\/\\\/staging.rwfund.org\\\/eng\\\/wp-content\\\/uploads\\\/sites\\\/2\\\/2024\\\/05\\\/rzf-logo-02.jpg\",\"contentUrl\":\"https:\\\/\\\/staging.rwfund.org\\\/eng\\\/wp-content\\\/uploads\\\/sites\\\/2\\\/2024\\\/05\\\/rzf-logo-02.jpg\",\"width\":1240,\"height\":774,\"caption\":\"RWF Logo\"},{\"@type\":\"BreadcrumbList\",\"@id\":\"https:\\\/\\\/staging.rwfund.org\\\/eng\\\/programs\\\/special-focus\\\/roma-girls-solidarity\\\/#breadcrumb\",\"itemListElement\":[{\"@type\":\"ListItem\",\"position\":1,\"name\":\"Home\",\"item\":\"https:\\\/\\\/staging.rwfund.org\\\/eng\\\/\"},{\"@type\":\"ListItem\",\"position\":2,\"name\":\"RWFund Programs\",\"item\":\"https:\\\/\\\/staging.rwfund.org\\\/eng\\\/programs\\\/\"},{\"@type\":\"ListItem\",\"position\":3,\"name\":\"Special Focus\",\"item\":\"https:\\\/\\\/staging.rwfund.org\\\/eng\\\/programs\\\/special-focus\\\/\"},{\"@type\":\"ListItem\",\"position\":4,\"name\":\"Roma Girls\u2019 Solidarity\"}]},{\"@type\":\"WebSite\",\"@id\":\"https:\\\/\\\/staging.rwfund.org\\\/eng\\\/#website\",\"url\":\"https:\\\/\\\/staging.rwfund.org\\\/eng\\\/\",\"name\":\"Reconstruction Women&#039;s Fund\",\"description\":\"Reconstruction Women&#039;s Fund\",\"publisher\":{\"@id\":\"https:\\\/\\\/staging.rwfund.org\\\/eng\\\/#organization\"},\"potentialAction\":[{\"@type\":\"SearchAction\",\"target\":{\"@type\":\"EntryPoint\",\"urlTemplate\":\"https:\\\/\\\/staging.rwfund.org\\\/eng\\\/?s={search_term_string}\"},\"query-input\":{\"@type\":\"PropertyValueSpecification\",\"valueRequired\":true,\"valueName\":\"search_term_string\"}}],\"inLanguage\":\"en-US\"},{\"@type\":\"Organization\",\"@id\":\"https:\\\/\\\/staging.rwfund.org\\\/eng\\\/#organization\",\"name\":\"Reconstruction Women's Fund\",\"url\":\"https:\\\/\\\/staging.rwfund.org\\\/eng\\\/\",\"logo\":{\"@type\":\"ImageObject\",\"inLanguage\":\"en-US\",\"@id\":\"https:\\\/\\\/staging.rwfund.org\\\/eng\\\/#\\\/schema\\\/logo\\\/image\\\/\",\"url\":\"https:\\\/\\\/staging.rwfund.org\\\/eng\\\/wp-content\\\/uploads\\\/sites\\\/2\\\/2021\\\/03\\\/LOGO-CROP_V1.svg\",\"contentUrl\":\"https:\\\/\\\/staging.rwfund.org\\\/eng\\\/wp-content\\\/uploads\\\/sites\\\/2\\\/2021\\\/03\\\/LOGO-CROP_V1.svg\",\"width\":420,\"height\":640,\"caption\":\"Reconstruction Women's Fund\"},\"image\":{\"@id\":\"https:\\\/\\\/staging.rwfund.org\\\/eng\\\/#\\\/schema\\\/logo\\\/image\\\/\"}}]}<\/script>\n<!-- \/ Yoast SEO plugin. -->","yoast_head_json":{"title":"Roma Girls\u2019 Solidarity - Reconstruction Women&#039;s Fund","robots":{"index":"noindex","follow":"follow","max-snippet":"max-snippet:-1","max-image-preview":"max-image-preview:large","max-video-preview":"max-video-preview:-1"},"og_locale":"en_US","og_type":"article","og_title":"Roma Girls\u2019 Solidarity - Reconstruction Women&#039;s Fund","og_description":"Roma Girls&#8217; Solidarity is a part of the Special Focus support program \u2013 it\u2019s an educational program organized by RWF since 2011 in southern Serbia, attended by more than forty Roma girls, aged 14 &#8211; 21, from Ni\u0161, Jela\u0161nica, Pirot, Vlasotince, Vranje, Bujanovac, Aleksinac, Vladi\u010din Han, Predejan, Greja\u010d, Bela Palanka. It&#8217;s intention is to create ... MORE","og_url":"https:\/\/staging.rwfund.org\/eng\/programs\/special-focus\/roma-girls-solidarity\/","og_site_name":"Reconstruction Women&#039;s Fund","article_modified_time":"2024-05-10T13:51:10+00:00","og_image":[{"width":1240,"height":774,"url":"https:\/\/staging.rwfund.org\/eng\/wp-content\/uploads\/sites\/2\/2024\/05\/rzf-logo-02.jpg","type":"image\/jpeg"}],"twitter_card":"summary_large_image","twitter_misc":{"Est. reading time":"2 minutes"},"schema":{"@context":"https:\/\/schema.org","@graph":[{"@type":"WebPage","@id":"https:\/\/staging.rwfund.org\/eng\/programs\/special-focus\/roma-girls-solidarity\/","url":"https:\/\/staging.rwfund.org\/eng\/programs\/special-focus\/roma-girls-solidarity\/","name":"Roma Girls\u2019 Solidarity - Reconstruction Women&#039;s Fund","isPartOf":{"@id":"https:\/\/staging.rwfund.org\/eng\/#website"},"primaryImageOfPage":{"@id":"https:\/\/staging.rwfund.org\/eng\/programs\/special-focus\/roma-girls-solidarity\/#primaryimage"},"image":{"@id":"https:\/\/staging.rwfund.org\/eng\/programs\/special-focus\/roma-girls-solidarity\/#primaryimage"},"thumbnailUrl":"https:\/\/staging.rwfund.org\/eng\/wp-content\/uploads\/sites\/2\/2024\/05\/rzf-logo-02.jpg","datePublished":"2014-09-18T00:11:34+00:00","dateModified":"2024-05-10T13:51:10+00:00","breadcrumb":{"@id":"https:\/\/staging.rwfund.org\/eng\/programs\/special-focus\/roma-girls-solidarity\/#breadcrumb"},"inLanguage":"en-US","potentialAction":[{"@type":"ReadAction","target":["https:\/\/staging.rwfund.org\/eng\/programs\/special-focus\/roma-girls-solidarity\/"]}]},{"@type":"ImageObject","inLanguage":"en-US","@id":"https:\/\/staging.rwfund.org\/eng\/programs\/special-focus\/roma-girls-solidarity\/#primaryimage","url":"https:\/\/staging.rwfund.org\/eng\/wp-content\/uploads\/sites\/2\/2024\/05\/rzf-logo-02.jpg","contentUrl":"https:\/\/staging.rwfund.org\/eng\/wp-content\/uploads\/sites\/2\/2024\/05\/rzf-logo-02.jpg","width":1240,"height":774,"caption":"RWF Logo"},{"@type":"BreadcrumbList","@id":"https:\/\/staging.rwfund.org\/eng\/programs\/special-focus\/roma-girls-solidarity\/#breadcrumb","itemListElement":[{"@type":"ListItem","position":1,"name":"Home","item":"https:\/\/staging.rwfund.org\/eng\/"},{"@type":"ListItem","position":2,"name":"RWFund Programs","item":"https:\/\/staging.rwfund.org\/eng\/programs\/"},{"@type":"ListItem","position":3,"name":"Special Focus","item":"https:\/\/staging.rwfund.org\/eng\/programs\/special-focus\/"},{"@type":"ListItem","position":4,"name":"Roma Girls\u2019 Solidarity"}]},{"@type":"WebSite","@id":"https:\/\/staging.rwfund.org\/eng\/#website","url":"https:\/\/staging.rwfund.org\/eng\/","name":"Reconstruction Women&#039;s Fund","description":"Reconstruction Women&#039;s Fund","publisher":{"@id":"https:\/\/staging.rwfund.org\/eng\/#organization"},"potentialAction":[{"@type":"SearchAction","target":{"@type":"EntryPoint","urlTemplate":"https:\/\/staging.rwfund.org\/eng\/?s={search_term_string}"},"query-input":{"@type":"PropertyValueSpecification","valueRequired":true,"valueName":"search_term_string"}}],"inLanguage":"en-US"},{"@type":"Organization","@id":"https:\/\/staging.rwfund.org\/eng\/#organization","name":"Reconstruction Women's Fund","url":"https:\/\/staging.rwfund.org\/eng\/","logo":{"@type":"ImageObject","inLanguage":"en-US","@id":"https:\/\/staging.rwfund.org\/eng\/#\/schema\/logo\/image\/","url":"https:\/\/staging.rwfund.org\/eng\/wp-content\/uploads\/sites\/2\/2021\/03\/LOGO-CROP_V1.svg","contentUrl":"https:\/\/staging.rwfund.org\/eng\/wp-content\/uploads\/sites\/2\/2021\/03\/LOGO-CROP_V1.svg","width":420,"height":640,"caption":"Reconstruction Women's Fund"},"image":{"@id":"https:\/\/staging.rwfund.org\/eng\/#\/schema\/logo\/image\/"}}]}},"taxonomy_info":[],"featured_image_src_large":["https:\/\/staging.rwfund.org\/eng\/wp-content\/uploads\/sites\/2\/2024\/05\/rzf-logo-02-1024x639.jpg",1024,639,true],"author_info":{"display_name":"Vlidi","author_link":"https:\/\/staging.rwfund.org\/eng\/author\/testadmin\/"},"comment_info":0,"_links":{"self":[{"href":"https:\/\/staging.rwfund.org\/eng\/wp-json\/wp\/v2\/pages\/68","targetHints":{"allow":["GET"]}}],"collection":[{"href":"https:\/\/staging.rwfund.org\/eng\/wp-json\/wp\/v2\/pages"}],"about":[{"href":"https:\/\/staging.rwfund.org\/eng\/wp-json\/wp\/v2\/types\/page"}],"author":[{"embeddable":true,"href":"https:\/\/staging.rwfund.org\/eng\/wp-json\/wp\/v2\/users\/1"}],"replies":[{"embeddable":true,"href":"https:\/\/staging.rwfund.org\/eng\/wp-json\/wp\/v2\/comments?post=68"}],"version-history":[{"count":5,"href":"https:\/\/staging.rwfund.org\/eng\/wp-json\/wp\/v2\/pages\/68\/revisions"}],"predecessor-version":[{"id":1595,"href":"https:\/\/staging.rwfund.org\/eng\/wp-json\/wp\/v2\/pages\/68\/revisions\/1595"}],"up":[{"embeddable":true,"href":"https:\/\/staging.rwfund.org\/eng\/wp-json\/wp\/v2\/pages\/14478"}],"wp:featuredmedia":[{"embeddable":true,"href":"https:\/\/staging.rwfund.org\/eng\/wp-json\/wp\/v2\/media\/16366"}],"wp:attachment":[{"href":"https:\/\/staging.rwfund.org\/eng\/wp-json\/wp\/v2\/media?parent=68"}],"wp:term":[{"taxonomy":"category","embeddable":true,"href":"https:\/\/staging.rwfund.org\/eng\/wp-json\/wp\/v2\/categories?post=68"},{"taxonomy":"post_tag","embeddable":true,"href":"https:\/\/staging.rwfund.org\/eng\/wp-json\/wp\/v2\/tags?post=68"}],"curies":[{"name":"wp","href":"https:\/\/api.w.org\/{rel}","templated":true}]}}