{"id":64,"date":"2014-09-18T02:04:53","date_gmt":"2014-09-18T00:04:53","guid":{"rendered":"https:\/\/staging.rwfund.org\/eng\/?page_id=64"},"modified":"2021-04-13T19:05:26","modified_gmt":"2021-04-13T17:05:26","slug":"partners-friends","status":"publish","type":"page","link":"https:\/\/staging.rwfund.org\/eng\/about-us\/friends-and-support\/partners-friends\/","title":{"rendered":"Partners &#038; Friends"},"content":{"rendered":"<div class=\"entry-content\">\n<hr \/>\n<ul>\n<li class=\"li2\"><a style=\"color: #ef4d58;\" href=\"http:\/\/www.igpn.net\/\"><strong>International Gender Policy Network\u00a0<\/strong><\/a><\/li>\n<li class=\"li2\"><a style=\"color: #ef4d58;\" href=\"http:\/\/www.inwf.org\/\"><strong>International Network of Women\u2019s Funds<\/strong><\/a><\/li>\n<li class=\"li2\"><a style=\"color: #ef4d58;\" href=\"http:\/\/www.awid.org\/\"><strong>Association of Women in Development\u00a0<\/strong><\/a><\/li>\n<li class=\"li2\"><a style=\"color: #ef4d58;\" href=\"http:\/\/www.foundationsforpeace.org\/\"><strong>Foundations for Peace Network\u00a0<\/strong><\/a><\/li>\n<li class=\"li2\"><a style=\"color: #ef4d58;\" href=\"http:\/\/www.womenngo.org\/\"><strong>Autonomni \u017denski centar<\/strong><\/a><\/li>\n<li class=\"li2\"><a style=\"color: #ef4d58;\" href=\"http:\/\/www.tc.columbia.edu\/\"><strong>Teachers College of Columbia University<\/strong><\/a><\/li>\n<li class=\"li2\"><a style=\"color: #ef4d58;\" href=\"http:\/\/www.newschool.edu\/\"><strong>Democracy and Diversity Summer School<\/strong><\/a><\/li>\n<li class=\"li3\"><strong><a style=\"color: #ef4d58;\" href=\"http:\/\/www.codepink4peace.org%20\/\">Code Pink<\/a>\u00a0\u00a0<\/strong><\/li>\n<li class=\"li2\"><a style=\"color: #ef4d58;\" href=\"http:\/\/www.zeneprotivnasilja.net\/\"><strong>Mre\u017ea\u00a0\u017dene protiv nasilja<\/strong><\/a><\/li>\n<li class=\"li2\"><a style=\"color: #ef4d58;\" href=\"http:\/\/www.zenskestudie.edu.rs\/\"><strong>Centar za \u017denske studije Beograd\u00a0<\/strong><\/a><\/li>\n<li class=\"li2\"><a style=\"color: #ef4d58;\" href=\"http:\/\/www.errc.org\/\"><strong>European Roma Rights Center<\/strong><\/a><\/li>\n<li class=\"li3\"><span class=\"s2\"><a style=\"color: #ef4d58;\" href=\"https:\/\/www.mamacash.org\"><strong>Mama Cash<\/strong><\/a>\u00a0<\/span><\/li>\n<li class=\"li2\"><a style=\"color: #ef4d58;\" href=\"http:\/\/www.globalfundforwomen.org\/\"><strong>Global Fund for Women<\/strong><\/a><\/li>\n<li class=\"li2\"><a style=\"color: #ef4d58;\" href=\"http:\/\/www.fillia-frauenstiftung.de\/\"><strong>Fillia die Frauenstiftung\u00a0<\/strong><\/a><\/li>\n<li class=\"li2\"><a style=\"color: #ef4d58;\" href=\"http:\/\/www.mott.org\/\"><strong>Charles Stewart Mott Foundation<\/strong><\/a><\/li>\n<li class=\"li2\"><a style=\"color: #ef4d58;\" href=\"http:\/\/%20www.soros.org\/\"><strong>Open Society Institute<\/strong><\/a><\/li>\n<li class=\"li3\"><span class=\"s2\"><a style=\"color: #ef4d58;\" href=\"http:\/\/www.urgentactionfund.org%20\/\"><strong>Urgent Action Fund<\/strong><\/a>\u00a0<\/span><\/li>\n<li class=\"li3\"><span class=\"s2\"><a style=\"color: #ef4d58;\" href=\"http:\/\/www.incesttraumacentar.org.rs%20\/\"><strong>Incest Trauma Centar<\/strong><\/a>\u00a0<\/span><\/li>\n<li class=\"li2\"><a style=\"color: #ef4d58;\" href=\"http:\/\/www.n-l-o.org\/\"><strong>Novosadska Lezbejska organizacija<\/strong><\/a><\/li>\n<li class=\"li3\"><span class=\"s2\"><a style=\"color: #ef4d58;\" href=\"http:\/\/www.astra.org.rs\/\"><strong>Astra<\/strong><\/a>\u00a0 \u00a0<\/span><\/li>\n<li class=\"li2\"><a style=\"color: #ef4d58;\" href=\"http:\/\/www.osvit.org\/\"><strong>Udru\u017eenje Romkinja Osvit\u00a0<\/strong><\/a><\/li>\n<li class=\"li2\"><a style=\"color: #ef4d58;\" href=\"http:\/\/www.womencenue.org.rs\/\"><strong>\u017denski centar U\u017eice<\/strong><\/a><\/li>\n<li class=\"li3\"><span class=\"s2\"><a style=\"color: #ef4d58;\" href=\"http:\/\/www.dahteatarcentar.com%20\/\"><strong>Dah Teatar<\/strong><\/a>\u00a0<\/span><\/li>\n<li class=\"li2\"><a style=\"color: #ef4d58;\" href=\"http:\/\/www.zrmv.org\/\"><strong>Romska \u017eenska mre\u017ea Vojvodine<\/strong><\/a><\/li>\n<li class=\"li2\"><a style=\"color: #ef4d58;\" href=\"http:\/\/www.zenergija.org\/\"><strong>\u017dene na delu<\/strong><\/a><\/li>\n<li class=\"li2\"><a style=\"color: #ef4d58;\" href=\"http:\/\/www.ngo-sandglass.org\/\"><strong>Udru\u017eenje \u017eena Pe\u0161\u010danik<\/strong><\/a><\/li>\n<li class=\"li2\"><a style=\"color: #ef4d58;\" href=\"http:\/\/www.bibija.org\/\"><strong>Romski \u017eenski centra Bibija<\/strong><\/a><\/li>\n<li class=\"li2\"><a style=\"color: #ef4d58;\" href=\"http:\/\/www.themagdalenaproject.org\/\"><strong>The Magdalena Project : international network of women in contemporary theatre<\/strong><\/a><\/li>\n<li class=\"li3\"><span class=\"s2\"><a style=\"color: #ef4d58;\" href=\"http:\/\/www.kudmreza.org\/rdece\/%C2%A0\"><strong>Rdece zore Festival<\/strong><\/a>\u00a0<\/span><\/li>\n<li class=\"li2\"><a style=\"color: #ef4d58;\" href=\"http:\/\/www.anfemafest.tk\/\"><strong>Anfema fest, Zagreb<\/strong><\/a><\/li>\n<li class=\"li2\"><a style=\"color: #ef4d58;\" href=\"http:\/\/www.pitchwise.fondacijacure.org\/\"><strong>PitchWise (PW) festival \u017eenske umjetnosti<\/strong><\/a><\/li>\n<li class=\"li3\"><span class=\"s2\"><a style=\"color: #ef4d58;\" href=\"http:\/\/www.cunterview.net\/2010\/%C2%A0\"><strong>Cunterview<\/strong><\/a>\u00a0\u00a0<\/span><\/li>\n<li class=\"li2\"><a style=\"color: #ef4d58;\" href=\"http:\/\/www.cityofwomen.org\/\"><strong>Mesto zenks\/ City of women\u00a0<\/strong><\/a><\/li>\n<li class=\"li3\"><span class=\"s2\"><a style=\"color: #ef4d58;\" href=\"http:\/\/www.kontekstgalerija.org\/\"><strong>Kontekst galerija<\/strong><\/a>\u00a0 \u00a0<\/span><\/li>\n<li class=\"li3\"><span class=\"s2\"><a style=\"color: #ef4d58;\" href=\"http:\/\/www.drugascena.org\/\"><strong>Druga scena<\/strong><\/a>\u00a0 \u00a0<\/span><\/li>\n<li class=\"li3\"><span class=\"s2\"><a style=\"color: #ef4d58;\" href=\"http:\/\/www.tkh-generator.net\/\"><strong>Teorija koja hoda TkH\u00a0<\/strong><\/a>\u00a0<\/span><\/li>\n<li class=\"li2\"><a style=\"color: #ef4d58;\" href=\"http:\/\/www.birobeograd.info\/\"><strong>Biro za kulturu i komunikaciju<\/strong><\/a><\/li>\n<li class=\"li3\"><span class=\"s2\"><a style=\"color: #ef4d58;\" href=\"http:\/\/www.slobodnakultura.org\/\"><strong>Slobodna kultura<\/strong><\/a>\u00a0 \u00a0<\/span><\/li>\n<li class=\"li3\"><span class=\"s2\"><a style=\"color: #ef4d58;\" href=\"http:\/\/www.penelopes.org\/\"><strong>Les Penelopes<\/strong><\/a>\u00a0\u00a0<\/span><\/li>\n<li class=\"li3\"><span class=\"s2\"><a style=\"color: #ef4d58;\" href=\"http:\/\/www.prelomkolektiv.org%20\/\"><strong>Prelom kolektiv<\/strong><\/a>\u00a0<\/span><\/li>\n<li class=\"li2\"><a style=\"color: #ef4d58;\" href=\"http:\/\/www.rex.b92.net\/\"><strong>REX kulturni centar<\/strong><\/a><\/li>\n<li class=\"li3\"><span class=\"s2\"><a style=\"color: #ef4d58;\" href=\"http:\/\/www.yucom.org.rs\/\"><strong>YUCOM<\/strong><\/a>\u00a0\u00a0<\/span><\/li>\n<li class=\"li2\"><a style=\"color: #ef4d58;\" href=\"http:\/\/www.alterkrug-kg.org.rs\/\"><strong>Alternativni krug Kragujevac, Kragujevac\u00a0<\/strong><\/a><\/li>\n<li class=\"li2\"><a style=\"color: #ef4d58;\" href=\"http:\/\/www.bgcentar.org.rs\/\"><strong>Beogradski centar za ljudska prava\u00a0<\/strong><\/a><\/li>\n<li class=\"li2\"><a style=\"color: #ef4d58;\" href=\"http:\/\/www.hlc-rdc.org\/\"><strong>Fond za humanitarno pravo, Beograd<\/strong><\/a><\/li>\n<li class=\"li3\"><a style=\"color: #ef4d58;\" href=\"http:\/\/www.grupa484.org.rs\/\"><strong>Grupa 484, Beograd<\/strong><\/a><\/li>\n<li class=\"li2\"><a style=\"color: #ef4d58;\" href=\"http:\/\/www.hora.org.yu\/\"><strong>Hora-Grupa za emancipaciju \u017eena Valjevo, Valjevo\u00a0<\/strong><\/a><\/li>\n<li class=\"li2\"><a style=\"color: #ef4d58;\" href=\"https:\/\/staging.rwfund.org\/prijatelji-i-podrska\/partneri-i-prijatelji\/%C2%A0http:\/\/www.rbf.org\/\"><strong>Rockefeller Brothers Fund<\/strong><\/a><\/li>\n<li class=\"li4\"><a style=\"color: #ef4d58;\" href=\"http:\/\/www.oakfnd.org\/\"><strong>Oak Foundation\u00a0<\/strong><\/a><\/li>\n<li class=\"li5\"><span class=\"s2\"><a style=\"color: #ef4d58;\" href=\"http:\/\/www.theritafund.org\/\"><strong>Rita Fund<\/strong><\/a>\u00a0<\/span><\/li>\n<li class=\"li4\"><a style=\"color: #ef4d58;\" href=\"http:\/\/www.gmfus.org\/balkantrust\"><strong>Balkan Trust for Democracy<span class=\"s5\">\u00a0<\/span><\/strong><\/a><\/li>\n<li class=\"li3\"><a style=\"color: #ef4d58;\" href=\"http:\/\/http\/\/www.opensocietyfoundations.org\/about\/programs\/arts-culture-program\"><strong>OSF Arts and Culture Program<\/strong><\/a><\/li>\n<\/ul>\n<\/div>\n","protected":false},"excerpt":{"rendered":"<p>International Gender Policy Network\u00a0 International Network of Women\u2019s Funds Association of Women in Development\u00a0 Foundations for Peace Network\u00a0 Autonomni \u017denski centar Teachers College of Columbia University Democracy and Diversity Summer School Code Pink\u00a0\u00a0 Mre\u017ea\u00a0\u017dene protiv nasilja Centar za \u017denske studije Beograd\u00a0 European Roma Rights Center Mama Cash\u00a0 Global Fund for Women Fillia die Frauenstiftung\u00a0 Charles &#8230; <a title=\"Partners &#038; Friends\" class=\"read-more\" href=\"https:\/\/staging.rwfund.org\/eng\/about-us\/friends-and-support\/partners-friends\/\" aria-label=\"Read more about Partners &#038; Friends\">MORE<\/a><\/p>\n","protected":false},"author":1,"featured_media":0,"parent":11,"menu_order":0,"comment_status":"closed","ping_status":"closed","template":"","meta":{"_kad_blocks_custom_css":"","_kad_blocks_head_custom_js":"","_kad_blocks_body_custom_js":"","_kad_blocks_footer_custom_js":"","footnotes":""},"categories":[],"tags":[],"class_list":{"0":"post-64","1":"page","2":"type-page","3":"status-publish","5":"infinite-scroll-item","6":"no-featured-image-padding"},"yoast_head":"<!-- This site is optimized with the Yoast SEO plugin v27.4 - https:\/\/yoast.com\/product\/yoast-seo-wordpress\/ -->\n<title>Partners &amp; Friends - Reconstruction Women&#039;s Fund<\/title>\n<meta name=\"robots\" content=\"noindex, follow, max-snippet:-1, max-image-preview:large, max-video-preview:-1\" \/>\n<meta property=\"og:locale\" content=\"en_US\" \/>\n<meta property=\"og:type\" content=\"article\" \/>\n<meta property=\"og:title\" content=\"Partners &amp; Friends - Reconstruction Women&#039;s Fund\" \/>\n<meta property=\"og:description\" content=\"International Gender Policy Network\u00a0 International Network of Women\u2019s Funds Association of Women in Development\u00a0 Foundations for Peace Network\u00a0 Autonomni \u017denski centar Teachers College of Columbia University Democracy and Diversity Summer School Code Pink\u00a0\u00a0 Mre\u017ea\u00a0\u017dene protiv nasilja Centar za \u017denske studije Beograd\u00a0 European Roma Rights Center Mama Cash\u00a0 Global Fund for Women Fillia die Frauenstiftung\u00a0 Charles ... MORE\" \/>\n<meta property=\"og:url\" content=\"https:\/\/staging.rwfund.org\/eng\/about-us\/friends-and-support\/partners-friends\/\" \/>\n<meta property=\"og:site_name\" content=\"Reconstruction Women&#039;s Fund\" \/>\n<meta property=\"article:modified_time\" content=\"2021-04-13T17:05:26+00:00\" \/>\n<meta name=\"twitter:card\" content=\"summary_large_image\" \/>\n<meta name=\"twitter:label1\" content=\"Est. reading time\" \/>\n\t<meta name=\"twitter:data1\" content=\"1 minute\" \/>\n<script type=\"application\/ld+json\" class=\"yoast-schema-graph\">{\"@context\":\"https:\\\/\\\/schema.org\",\"@graph\":[{\"@type\":\"WebPage\",\"@id\":\"https:\\\/\\\/staging.rwfund.org\\\/eng\\\/about-us\\\/friends-and-support\\\/partners-friends\\\/\",\"url\":\"https:\\\/\\\/staging.rwfund.org\\\/eng\\\/about-us\\\/friends-and-support\\\/partners-friends\\\/\",\"name\":\"Partners & Friends - Reconstruction Women&#039;s Fund\",\"isPartOf\":{\"@id\":\"https:\\\/\\\/staging.rwfund.org\\\/eng\\\/#website\"},\"datePublished\":\"2014-09-18T00:04:53+00:00\",\"dateModified\":\"2021-04-13T17:05:26+00:00\",\"breadcrumb\":{\"@id\":\"https:\\\/\\\/staging.rwfund.org\\\/eng\\\/about-us\\\/friends-and-support\\\/partners-friends\\\/#breadcrumb\"},\"inLanguage\":\"en-US\",\"potentialAction\":[{\"@type\":\"ReadAction\",\"target\":[\"https:\\\/\\\/staging.rwfund.org\\\/eng\\\/about-us\\\/friends-and-support\\\/partners-friends\\\/\"]}]},{\"@type\":\"BreadcrumbList\",\"@id\":\"https:\\\/\\\/staging.rwfund.org\\\/eng\\\/about-us\\\/friends-and-support\\\/partners-friends\\\/#breadcrumb\",\"itemListElement\":[{\"@type\":\"ListItem\",\"position\":1,\"name\":\"Home\",\"item\":\"https:\\\/\\\/staging.rwfund.org\\\/eng\\\/\"},{\"@type\":\"ListItem\",\"position\":2,\"name\":\"About Us\",\"item\":\"https:\\\/\\\/staging.rwfund.org\\\/eng\\\/about-us\\\/\"},{\"@type\":\"ListItem\",\"position\":3,\"name\":\"Friends &#038; Support\",\"item\":\"https:\\\/\\\/staging.rwfund.org\\\/eng\\\/about-us\\\/friends-and-support\\\/\"},{\"@type\":\"ListItem\",\"position\":4,\"name\":\"Partners &#038; Friends\"}]},{\"@type\":\"WebSite\",\"@id\":\"https:\\\/\\\/staging.rwfund.org\\\/eng\\\/#website\",\"url\":\"https:\\\/\\\/staging.rwfund.org\\\/eng\\\/\",\"name\":\"Reconstruction Women&#039;s Fund\",\"description\":\"Reconstruction Women&#039;s Fund\",\"publisher\":{\"@id\":\"https:\\\/\\\/staging.rwfund.org\\\/eng\\\/#organization\"},\"potentialAction\":[{\"@type\":\"SearchAction\",\"target\":{\"@type\":\"EntryPoint\",\"urlTemplate\":\"https:\\\/\\\/staging.rwfund.org\\\/eng\\\/?s={search_term_string}\"},\"query-input\":{\"@type\":\"PropertyValueSpecification\",\"valueRequired\":true,\"valueName\":\"search_term_string\"}}],\"inLanguage\":\"en-US\"},{\"@type\":\"Organization\",\"@id\":\"https:\\\/\\\/staging.rwfund.org\\\/eng\\\/#organization\",\"name\":\"Reconstruction Women's Fund\",\"url\":\"https:\\\/\\\/staging.rwfund.org\\\/eng\\\/\",\"logo\":{\"@type\":\"ImageObject\",\"inLanguage\":\"en-US\",\"@id\":\"https:\\\/\\\/staging.rwfund.org\\\/eng\\\/#\\\/schema\\\/logo\\\/image\\\/\",\"url\":\"https:\\\/\\\/staging.rwfund.org\\\/eng\\\/wp-content\\\/uploads\\\/sites\\\/2\\\/2021\\\/03\\\/LOGO-CROP_V1.svg\",\"contentUrl\":\"https:\\\/\\\/staging.rwfund.org\\\/eng\\\/wp-content\\\/uploads\\\/sites\\\/2\\\/2021\\\/03\\\/LOGO-CROP_V1.svg\",\"width\":420,\"height\":640,\"caption\":\"Reconstruction Women's Fund\"},\"image\":{\"@id\":\"https:\\\/\\\/staging.rwfund.org\\\/eng\\\/#\\\/schema\\\/logo\\\/image\\\/\"}}]}<\/script>\n<!-- \/ Yoast SEO plugin. -->","yoast_head_json":{"title":"Partners & Friends - Reconstruction Women&#039;s Fund","robots":{"index":"noindex","follow":"follow","max-snippet":"max-snippet:-1","max-image-preview":"max-image-preview:large","max-video-preview":"max-video-preview:-1"},"og_locale":"en_US","og_type":"article","og_title":"Partners & Friends - Reconstruction Women&#039;s Fund","og_description":"International Gender Policy Network\u00a0 International Network of Women\u2019s Funds Association of Women in Development\u00a0 Foundations for Peace Network\u00a0 Autonomni \u017denski centar Teachers College of Columbia University Democracy and Diversity Summer School Code Pink\u00a0\u00a0 Mre\u017ea\u00a0\u017dene protiv nasilja Centar za \u017denske studije Beograd\u00a0 European Roma Rights Center Mama Cash\u00a0 Global Fund for Women Fillia die Frauenstiftung\u00a0 Charles ... MORE","og_url":"https:\/\/staging.rwfund.org\/eng\/about-us\/friends-and-support\/partners-friends\/","og_site_name":"Reconstruction Women&#039;s Fund","article_modified_time":"2021-04-13T17:05:26+00:00","twitter_card":"summary_large_image","twitter_misc":{"Est. reading time":"1 minute"},"schema":{"@context":"https:\/\/schema.org","@graph":[{"@type":"WebPage","@id":"https:\/\/staging.rwfund.org\/eng\/about-us\/friends-and-support\/partners-friends\/","url":"https:\/\/staging.rwfund.org\/eng\/about-us\/friends-and-support\/partners-friends\/","name":"Partners & Friends - Reconstruction Women&#039;s Fund","isPartOf":{"@id":"https:\/\/staging.rwfund.org\/eng\/#website"},"datePublished":"2014-09-18T00:04:53+00:00","dateModified":"2021-04-13T17:05:26+00:00","breadcrumb":{"@id":"https:\/\/staging.rwfund.org\/eng\/about-us\/friends-and-support\/partners-friends\/#breadcrumb"},"inLanguage":"en-US","potentialAction":[{"@type":"ReadAction","target":["https:\/\/staging.rwfund.org\/eng\/about-us\/friends-and-support\/partners-friends\/"]}]},{"@type":"BreadcrumbList","@id":"https:\/\/staging.rwfund.org\/eng\/about-us\/friends-and-support\/partners-friends\/#breadcrumb","itemListElement":[{"@type":"ListItem","position":1,"name":"Home","item":"https:\/\/staging.rwfund.org\/eng\/"},{"@type":"ListItem","position":2,"name":"About Us","item":"https:\/\/staging.rwfund.org\/eng\/about-us\/"},{"@type":"ListItem","position":3,"name":"Friends &#038; Support","item":"https:\/\/staging.rwfund.org\/eng\/about-us\/friends-and-support\/"},{"@type":"ListItem","position":4,"name":"Partners &#038; Friends"}]},{"@type":"WebSite","@id":"https:\/\/staging.rwfund.org\/eng\/#website","url":"https:\/\/staging.rwfund.org\/eng\/","name":"Reconstruction Women&#039;s Fund","description":"Reconstruction Women&#039;s Fund","publisher":{"@id":"https:\/\/staging.rwfund.org\/eng\/#organization"},"potentialAction":[{"@type":"SearchAction","target":{"@type":"EntryPoint","urlTemplate":"https:\/\/staging.rwfund.org\/eng\/?s={search_term_string}"},"query-input":{"@type":"PropertyValueSpecification","valueRequired":true,"valueName":"search_term_string"}}],"inLanguage":"en-US"},{"@type":"Organization","@id":"https:\/\/staging.rwfund.org\/eng\/#organization","name":"Reconstruction Women's Fund","url":"https:\/\/staging.rwfund.org\/eng\/","logo":{"@type":"ImageObject","inLanguage":"en-US","@id":"https:\/\/staging.rwfund.org\/eng\/#\/schema\/logo\/image\/","url":"https:\/\/staging.rwfund.org\/eng\/wp-content\/uploads\/sites\/2\/2021\/03\/LOGO-CROP_V1.svg","contentUrl":"https:\/\/staging.rwfund.org\/eng\/wp-content\/uploads\/sites\/2\/2021\/03\/LOGO-CROP_V1.svg","width":420,"height":640,"caption":"Reconstruction Women's Fund"},"image":{"@id":"https:\/\/staging.rwfund.org\/eng\/#\/schema\/logo\/image\/"}}]}},"taxonomy_info":[],"featured_image_src_large":false,"author_info":{"display_name":"Vlidi","author_link":"https:\/\/staging.rwfund.org\/eng\/author\/testadmin\/"},"comment_info":0,"_links":{"self":[{"href":"https:\/\/staging.rwfund.org\/eng\/wp-json\/wp\/v2\/pages\/64","targetHints":{"allow":["GET"]}}],"collection":[{"href":"https:\/\/staging.rwfund.org\/eng\/wp-json\/wp\/v2\/pages"}],"about":[{"href":"https:\/\/staging.rwfund.org\/eng\/wp-json\/wp\/v2\/types\/page"}],"author":[{"embeddable":true,"href":"https:\/\/staging.rwfund.org\/eng\/wp-json\/wp\/v2\/users\/1"}],"replies":[{"embeddable":true,"href":"https:\/\/staging.rwfund.org\/eng\/wp-json\/wp\/v2\/comments?post=64"}],"version-history":[{"count":4,"href":"https:\/\/staging.rwfund.org\/eng\/wp-json\/wp\/v2\/pages\/64\/revisions"}],"predecessor-version":[{"id":14294,"href":"https:\/\/staging.rwfund.org\/eng\/wp-json\/wp\/v2\/pages\/64\/revisions\/14294"}],"up":[{"embeddable":true,"href":"https:\/\/staging.rwfund.org\/eng\/wp-json\/wp\/v2\/pages\/11"}],"wp:attachment":[{"href":"https:\/\/staging.rwfund.org\/eng\/wp-json\/wp\/v2\/media?parent=64"}],"wp:term":[{"taxonomy":"category","embeddable":true,"href":"https:\/\/staging.rwfund.org\/eng\/wp-json\/wp\/v2\/categories?post=64"},{"taxonomy":"post_tag","embeddable":true,"href":"https:\/\/staging.rwfund.org\/eng\/wp-json\/wp\/v2\/tags?post=64"}],"curies":[{"name":"wp","href":"https:\/\/api.w.org\/{rel}","templated":true}]}}