{"id":14607,"date":"2021-06-15T21:45:47","date_gmt":"2021-06-15T19:45:47","guid":{"rendered":"https:\/\/staging.rwfund.org\/eng\/?page_id=14607"},"modified":"2021-06-15T21:57:36","modified_gmt":"2021-06-15T19:57:36","slug":"june","status":"publish","type":"page","link":"https:\/\/staging.rwfund.org\/eng\/2021-2\/special-focus-2021\/june\/","title":{"rendered":"June"},"content":{"rendered":"\n<h2 class=\"wp-block-heading\"><a title=\"2019\" href=\"https:\/\/staging.rwfund.org\/eng\/2021-3\/\">2021<\/a><\/h2>\n\n\n\n<p><strong><a href=\"https:\/\/staging.rwfund.org\/eng\/programs\/special-focus\/\">Program: Special Focus<\/a><\/strong><\/p>\n\n\n\n<p><strong>Grants approved&nbsp;<\/strong>\u2013 June 2021<\/p>\n\n\n\n<p><strong>Number of grants: <span style=\"color: #ff0000;\">12<\/span><\/strong><\/p>\n\n\n\n<p><span style=\"color: #ff0000;\">\u221a<\/span><\/p>\n\n\n\n<p><strong>1. Autonomous Festival of Women and Freedom Has No Price, Novi Sad<\/strong><\/p>\n\n\n\n<ul class=\"wp-block-list\"><li>RSD:&nbsp;<strong>288.000<\/strong><\/li><li>Project title:&nbsp;<strong>Autonomous Festival of Women \u2013 AF\u017d 2<\/strong><\/li><\/ul>\n\n\n\n<p>Autonomous Festival of Women emerged in Novi Sad in 2020 with the aim of regrouping the activist feminist forces in Novi Sad and Serbia, as a street promotion of culture of non-violence through cross-political and media approaches. The first edition of festival has brought us the Protest choir. The organizers take the \u201cAF\u017d\u201d acronym of the Women\u2019s Antifascist Front of Yugoslavia as a sign of understanding the historical work of women on whose historical and political continuity they work. Reconstruction Women\u2019s Fund supports the second edition of the festival, focused on the thematic framework of Women\u2019s collectives, wishing to contribute to feminist conquering of public spaces, further articulation of local and wider feminist organizing and collaboration, as well as preserving the continuity of memory of progressive women\u2019s initiatives.\u00a0<\/p>\n\n\n\n<p><\/p>\n\n\n\n<p><strong>2. Centre for supporting local community Mome, Pirot<\/strong><\/p>\n\n\n\n<ul class=\"wp-block-list\"><li>RSD:&nbsp;<strong>258.000<\/strong><\/li><li>Project title:<strong>&nbsp;Struggle for rivers \u2013 women\u2019s angle<\/strong><\/li><\/ul>\n\n\n\n<p>The project implies filming a documentary up to 30 minutes long, devoted to women who wholeheartedly and loudly objected to building mini-hydropowerplants on the rivers of Stara planina, where they were growing up, after their years-long struggles for political and economic women\u2019s rights. Their life stories differ but they are connected by their consciousness of common goods and bravery to oppose its abduction, as well as their firm belief that it is worthy of fighting.\u00a0\u00a0By supporting this project, Reconstruction Women\u2019s Fund wishes to contribute to the wider contextualization and articulation of previous emancipatory actions that have shaped the ecology struggles led by women today.\u00a0<\/p>\n\n\n\n<p><\/p>\n\n\n\n<p><strong>3. Genero: journal of feminist theory and studies of culture, Belgrade<\/strong><\/p>\n\n\n\n<ul class=\"wp-block-list\"><li>RSD:&nbsp;<strong>199.500<\/strong><\/li><li>Project title:<strong>&nbsp;3.&nbsp;&nbsp;Genero: journal of feminist theory and studies of culture (25\/21)<\/strong><\/li><\/ul>\n\n\n\n<p>Genero: journal of feminist theory and studies of culture is the only journal in Serbia that specifically focuses on feminist theory and production of feminist knowledge. Although directed at the field of academic knowledge, with its political engagement, publishing articles pointing at the significance and importance of feminist research and critiques, the journal makes the feminist work visible both in the academic world and society as a whole. Besides the printed edition, all the texts from the journal are available on journal\u2019s web page where they can be downloaded for free. Supporting the publishing of the new edition of the journal. RWF aims to contribute to the continuity of production and dissemination of feminist knowledge.<\/p>\n\n\n\n<p><\/p>\n\n\n\n<p>4.&nbsp;<strong>Hleb theatre, Belgrade<\/strong><\/p>\n\n\n\n<ul class=\"wp-block-list\"><li>RSD:&nbsp;<strong>300.000<\/strong><\/li><li>Project title:&nbsp;<strong>Stage play \u201cMarija Ru\u010dara\u201d<\/strong><\/li><\/ul>\n\n\n\n<p>Unfairly forgotten piece of Serbia surrealist poets Du\u0161an Mati\u0107 and Aleksandar Vu\u010do \u201cMarija Ru\u010dara\u201d makes an inspirational material for creating a stage play that today speaks loudly about the position of women, worker and a single mother, now in the jaws of neoliberal capitalism, and represents a clear scream of a woman deprived of her rights, of all the Marijas then and now. RWF supports the development of this stage play that promises a layered reading of women\u2019s position in diverse historical contexts and entices to learning.\u00a0<\/p>\n\n\n\n<p><\/p>\n\n\n\n<p><strong>5. Out of the Circle Ni\u0161&nbsp;<\/strong><\/p>\n\n\n\n<ul class=\"wp-block-list\"><li>RSD:&nbsp;<strong>300.000<\/strong><\/li><li>Project title:&nbsp;<strong>Supported, empowered and independent<\/strong><\/li><\/ul>\n\n\n\n<p>The aims of the project are empowering and supporting women with disabilities living alone, whether this is their own decision or they remained alone due to circumstances. The project will be conducted in the territory of Ni\u0161. Supporting women with disabilities will imply field and online work, with women experts engaged in the organization Out of the Circle Ni\u0161 will provide women with disabilities essential information about the available social services, their rights, provide them with psychological support in the process of establishing their independence or adjusting to new living circumstances and overcoming crisis, and give them some practical advice on running a home adjusted to their type of disability, physical and intellectual possibilities. RWF supports the named activities within its wider goal of supporting independent living of women with disabilities.\u00a0<\/p>\n\n\n\n<p><\/p>\n\n\n\n<p><strong>6. Le Studio, Belgrade<\/strong><\/p>\n\n\n\n<ul class=\"wp-block-list\"><li>RSD:&nbsp;<strong>300.000<\/strong><\/li><li>Project title:<strong>&nbsp;Princesses with an attitude&nbsp;<\/strong><\/li><\/ul>\n\n\n\n<p>The project \u201cPrincesses with an attitude\u201d is devised with the goal of developing critical thinking and self-consciousness among children aged 7 to 14 who live in suburban areas and smaller places. The project implies designing and performing an interactive stage play using shadow theatre techniques which will be based on the idea of new readings of old fairytales \u2013 analyzing traditional fairytales through the prism of gender equality with a special critical attention to traditional narratives promoting patriarchal schemes, authoritarianism and hierarchy. Creating an innovative content will be conducted during creative workshops that will include the participation of elementary school pupils on a residency in Cultural centre in Rumenka, while the stage play will premiere at the festival \u201cDo you believe in fairytales?\u201d in Cultural centre in Rumenka. RWF supports the goals of this project to work around questioning the patriarchal norms and promote gender equality since an early age.\u00a0<\/p>\n\n\n\n<p><\/p>\n\n\n\n<p><strong>7<\/strong>.&nbsp;<strong>Push-back Mapping Collective, Belgrade\/trans-national collective<\/strong><\/p>\n\n\n\n<ul class=\"wp-block-list\"><li>RSD:&nbsp;<strong>300.000<\/strong><\/li><li>Project title:<strong>&nbsp;Push-back mapping<\/strong><\/li><\/ul>\n\n\n\n<p>Push-back Mapping is a trans-national project of online documenting and discovering systemic violence and push-backs on inner, outer and externalized borders of the European Union. The aim of this map is increasing the visibility of systemic deterioration of human rights, practices of illegal throw-outs and disabling the approach to the procedure of asylum seeking and getting international protection, as well as exposing migrants to psychological and physical violence, and death. RWF supports this project as an embodiment of trans-national solidarity in the efforts to contribute to support to people on the move, informing media, civil society and wider public about the violence against people on the move, as well as to contribute to ending such practices.\u00a0<\/p>\n\n\n\n<p><\/p>\n\n\n\n<p><strong>8. Citizens\u2019 association Hora, Belgrade<\/strong><\/p>\n\n\n\n<ul class=\"wp-block-list\"><li>RSD:&nbsp;<strong>198.670<\/strong><\/li><li>Project title:<strong>&nbsp;Documentary \u201cBoro\/Ramiz\u201d<\/strong><\/li><\/ul>\n\n\n\n<p>\u201cBoro\/Ramiz\u201d documentary focuses on the story of the Palace of youth and sports in Pri\u0161tina, once a sports and cultural centre \u201cBoro and Ramiz\u201d. Its destiny corresponds with the history of this region, from former Yugoslavia to creating new national identities, working as a lens for observing the layered questions relating to collective and personal memory and relationship with cultural and ideological heritage. The director establishes a dialogue with several generations of Pri\u0161tina\u2019s citizens, aiming to preserve memories of a relevant public space and the history of the building before the announced reconstruction. She involves her personal experience with the building and the specific female perspective. RWF supports the author in preparation phases of the film\u2019s development which promises an explorative, critical, emotional but also thoughtful treatment of cultural and political memorialization.\u00a0<\/p>\n\n\n\n<p><\/p>\n\n\n\n<p><strong>9. Worker\u2019s commune Links, Belgrade<\/strong><\/p>\n\n\n\n<ul class=\"wp-block-list\"><li>RSD:&nbsp;<strong>120.000<\/strong><\/li><li>Project title:&nbsp;<strong>COUNTER-STRIKE: Restricted freedom of speech and political manipulation in media in Serbia \u2013 the Ugri\u010di\u0107 example (phase III)<\/strong><\/li><\/ul>\n\n\n\n<p>To understand the intention of the project, it is necessary to structurally describe the politics and the time the project will deal with. The years is 2012, amd the pre-electoral media campaign for the presidential elections which Boris Tadi\u0107 will lose is launched. This campaign was marked by an affair revolving around the intellectual Sreten Ugri\u010di\u0107, then the director of the National Library of Serbia. The behavior of politicians, the usurpation of media, rapid shrinking of freedoms and pursuing intellectuals represent a model of ruling which only progressed in Serbia through the years. A team of experts has explored diverse aspects of this event and written a series of texts published in the book \u201cSreten Ugri\u010di\u0107: writer, astronomer, terrorist\u201d. With this grant, RWF supports WK Links and the authors\u2019 team in further promotion of their work so far and presenting the Serbian, regional and international public the case study typical of failed or prevented reform of Serbia as a defeated, robbed post-conflict pre-democratic society and regression (political, cultural, moral) of such society into a tribal authoritarian populism.\u00a0<\/p>\n\n\n\n<p><\/p>\n\n\n\n<p><strong>10<\/strong>.&nbsp;<strong>Non-formal artistic group, Sevdljulje Ramadan and Bo\u017eidar Stojkov, Novi Sad<\/strong><\/p>\n\n\n\n<ul class=\"wp-block-list\"><li>RSD:&nbsp;<strong>260.000<\/strong><\/li><li>Project title:<strong>&nbsp;The invisible baby<\/strong><\/li><\/ul>\n\n\n\n<p>A short documentary \u201cThe invisible baby\u201d brings the story of pregnant young Roma woman, whose family was obliged to find another home due to the war circumstances in Kosovo in 1999. They are currently living in Veliki Rit, a non-formal Roma settlement in Novi Sad. The aim of this project is to make the internally displaced people who haven\u2019t managed to solve their legal status more visible, since their status makes them invisible, as they live on the very margin of our society. RWF supports the development of this documentary because of an authentic authors\u2019 perspective and clear intentions of demasking systemic, decades-long racism and marginalization of Roma.\u00a0<\/p>\n\n\n\n<p><\/p>\n\n\n\n<p><strong>11. Volunteering Centre of Vojvodina, Novi Sad<\/strong><\/p>\n\n\n\n<ul class=\"wp-block-list\"><li>RSD:&nbsp;<strong>151.000&nbsp;<\/strong><\/li><li>Project title:&nbsp;<strong>Volunteering-study camp&nbsp;<\/strong><strong>\u201cStru\u010dica\u201d<\/strong><\/li><\/ul>\n\n\n\n<p>The core idea of the project is gathering a group of young women and girls with and without activist experience around the activities of volunteering and studying program within the thematic framework of fascism and antifascism historically and now. Volunteering-study camp will be organized in Beo\u010din: the working part of the camp will be devoted to improving the space around the abandoned monument of partisans Stanko Paunovi\u0107 Veljko, \u0110or\u0111e Markovi\u0107 \u0110ilas and Zencel Hunjadi, also known as Kurir Franja, named \u201cStru\u010dica\u201d, while the studying part implies meetings with individuals who are diversely involved in resisting different types of fascism. RWF supports this initiative both for preserving meaningful volunteering and reviving the neglected partisan monument culture and memorizing the antifascist resistance.\u00a0<\/p>\n\n\n\n<p><\/p>\n\n\n\n<p><strong>12. Women in Black, Belgrade<\/strong><strong><\/strong><\/p>\n\n\n\n<ul class=\"wp-block-list\"><li>RSD:&nbsp;<strong>300.000&nbsp;<\/strong><\/li><li>Project title:<strong>&nbsp;We remember the anti-war resistance in 1991!<\/strong><\/li><\/ul>\n\n\n\n<p>It has been 30 yeas of the anti-war resistance in Serbia, 1991-2021. The ocassion is reminding, memorizing and marking the important acts and dates from the history of the anti-war resistance in Serbia. Practices, initiatives and deeds that are unspoken, suppressed or marginalized will be written into history. Through the activities within the project, we will introduce the public and permanently preserve exceptionally significant anti-war initiatives that took place in 1991\/92. (civil anti-war actions, women&#8217;s anti-war initiatives, rebellions of deserters and consciousness objectors, artistic initiatives etc). The project is created for the overall public, especially young people and civil society in Serbia and the region.<\/p>\n\n\n\n<div style=\"height:100px\" aria-hidden=\"true\" class=\"wp-block-spacer\"><\/div>\n","protected":false},"excerpt":{"rendered":"<p>2021 Program: Special Focus Grants approved&nbsp;\u2013 June 2021 Number of grants: 12 \u221a 1. Autonomous Festival of Women and Freedom Has No Price, Novi Sad RSD:&nbsp;288.000 Project title:&nbsp;Autonomous Festival of Women \u2013 AF\u017d 2 Autonomous Festival of Women emerged in Novi Sad in 2020 with the aim of regrouping the activist feminist forces in Novi &#8230; <a title=\"June\" class=\"read-more\" href=\"https:\/\/staging.rwfund.org\/eng\/2021-2\/special-focus-2021\/june\/\" aria-label=\"Read more about June\">MORE<\/a><\/p>\n","protected":false},"author":1,"featured_media":0,"parent":3181,"menu_order":1,"comment_status":"closed","ping_status":"closed","template":"","meta":{"_kad_blocks_custom_css":"","_kad_blocks_head_custom_js":"","_kad_blocks_body_custom_js":"","_kad_blocks_footer_custom_js":"","footnotes":""},"categories":[],"tags":[],"class_list":{"0":"post-14607","1":"page","2":"type-page","3":"status-publish","5":"infinite-scroll-item","6":"no-featured-image-padding"},"yoast_head":"<!-- This site is optimized with the Yoast SEO plugin v27.4 - https:\/\/yoast.com\/product\/yoast-seo-wordpress\/ -->\n<title>June - Reconstruction Women&#039;s Fund<\/title>\n<meta name=\"robots\" content=\"noindex, follow, max-snippet:-1, max-image-preview:large, max-video-preview:-1\" \/>\n<meta property=\"og:locale\" content=\"en_US\" \/>\n<meta property=\"og:type\" content=\"article\" \/>\n<meta property=\"og:title\" content=\"June - Reconstruction Women&#039;s Fund\" \/>\n<meta property=\"og:description\" content=\"2021 Program: Special Focus Grants approved&nbsp;\u2013 June 2021 Number of grants: 12 \u221a 1. Autonomous Festival of Women and Freedom Has No Price, Novi Sad RSD:&nbsp;288.000 Project title:&nbsp;Autonomous Festival of Women \u2013 AF\u017d 2 Autonomous Festival of Women emerged in Novi Sad in 2020 with the aim of regrouping the activist feminist forces in Novi ... MORE\" \/>\n<meta property=\"og:url\" content=\"https:\/\/staging.rwfund.org\/eng\/2021-2\/special-focus-2021\/june\/\" \/>\n<meta property=\"og:site_name\" content=\"Reconstruction Women&#039;s Fund\" \/>\n<meta property=\"article:modified_time\" content=\"2021-06-15T19:57:36+00:00\" \/>\n<meta name=\"twitter:card\" content=\"summary_large_image\" \/>\n<meta name=\"twitter:label1\" content=\"Est. reading time\" \/>\n\t<meta name=\"twitter:data1\" content=\"8 minutes\" \/>\n<script type=\"application\/ld+json\" class=\"yoast-schema-graph\">{\"@context\":\"https:\\\/\\\/schema.org\",\"@graph\":[{\"@type\":\"WebPage\",\"@id\":\"https:\\\/\\\/staging.rwfund.org\\\/eng\\\/2021-2\\\/special-focus-2021\\\/june\\\/\",\"url\":\"https:\\\/\\\/staging.rwfund.org\\\/eng\\\/2021-2\\\/special-focus-2021\\\/june\\\/\",\"name\":\"June - Reconstruction Women&#039;s Fund\",\"isPartOf\":{\"@id\":\"https:\\\/\\\/staging.rwfund.org\\\/eng\\\/#website\"},\"datePublished\":\"2021-06-15T19:45:47+00:00\",\"dateModified\":\"2021-06-15T19:57:36+00:00\",\"breadcrumb\":{\"@id\":\"https:\\\/\\\/staging.rwfund.org\\\/eng\\\/2021-2\\\/special-focus-2021\\\/june\\\/#breadcrumb\"},\"inLanguage\":\"en-US\",\"potentialAction\":[{\"@type\":\"ReadAction\",\"target\":[\"https:\\\/\\\/staging.rwfund.org\\\/eng\\\/2021-2\\\/special-focus-2021\\\/june\\\/\"]}]},{\"@type\":\"BreadcrumbList\",\"@id\":\"https:\\\/\\\/staging.rwfund.org\\\/eng\\\/2021-2\\\/special-focus-2021\\\/june\\\/#breadcrumb\",\"itemListElement\":[{\"@type\":\"ListItem\",\"position\":1,\"name\":\"Home\",\"item\":\"https:\\\/\\\/staging.rwfund.org\\\/eng\\\/\"},{\"@type\":\"ListItem\",\"position\":2,\"name\":\"2021\",\"item\":\"https:\\\/\\\/staging.rwfund.org\\\/eng\\\/2021-2\\\/\"},{\"@type\":\"ListItem\",\"position\":3,\"name\":\"Special Focus 2021\",\"item\":\"https:\\\/\\\/staging.rwfund.org\\\/eng\\\/2021-2\\\/special-focus-2021\\\/\"},{\"@type\":\"ListItem\",\"position\":4,\"name\":\"June\"}]},{\"@type\":\"WebSite\",\"@id\":\"https:\\\/\\\/staging.rwfund.org\\\/eng\\\/#website\",\"url\":\"https:\\\/\\\/staging.rwfund.org\\\/eng\\\/\",\"name\":\"Reconstruction Women&#039;s Fund\",\"description\":\"Reconstruction Women&#039;s Fund\",\"publisher\":{\"@id\":\"https:\\\/\\\/staging.rwfund.org\\\/eng\\\/#organization\"},\"potentialAction\":[{\"@type\":\"SearchAction\",\"target\":{\"@type\":\"EntryPoint\",\"urlTemplate\":\"https:\\\/\\\/staging.rwfund.org\\\/eng\\\/?s={search_term_string}\"},\"query-input\":{\"@type\":\"PropertyValueSpecification\",\"valueRequired\":true,\"valueName\":\"search_term_string\"}}],\"inLanguage\":\"en-US\"},{\"@type\":\"Organization\",\"@id\":\"https:\\\/\\\/staging.rwfund.org\\\/eng\\\/#organization\",\"name\":\"Reconstruction Women's Fund\",\"url\":\"https:\\\/\\\/staging.rwfund.org\\\/eng\\\/\",\"logo\":{\"@type\":\"ImageObject\",\"inLanguage\":\"en-US\",\"@id\":\"https:\\\/\\\/staging.rwfund.org\\\/eng\\\/#\\\/schema\\\/logo\\\/image\\\/\",\"url\":\"https:\\\/\\\/staging.rwfund.org\\\/eng\\\/wp-content\\\/uploads\\\/sites\\\/2\\\/2021\\\/03\\\/LOGO-CROP_V1.svg\",\"contentUrl\":\"https:\\\/\\\/staging.rwfund.org\\\/eng\\\/wp-content\\\/uploads\\\/sites\\\/2\\\/2021\\\/03\\\/LOGO-CROP_V1.svg\",\"width\":420,\"height\":640,\"caption\":\"Reconstruction Women's Fund\"},\"image\":{\"@id\":\"https:\\\/\\\/staging.rwfund.org\\\/eng\\\/#\\\/schema\\\/logo\\\/image\\\/\"}}]}<\/script>\n<!-- \/ Yoast SEO plugin. -->","yoast_head_json":{"title":"June - Reconstruction Women&#039;s Fund","robots":{"index":"noindex","follow":"follow","max-snippet":"max-snippet:-1","max-image-preview":"max-image-preview:large","max-video-preview":"max-video-preview:-1"},"og_locale":"en_US","og_type":"article","og_title":"June - Reconstruction Women&#039;s Fund","og_description":"2021 Program: Special Focus Grants approved&nbsp;\u2013 June 2021 Number of grants: 12 \u221a 1. Autonomous Festival of Women and Freedom Has No Price, Novi Sad RSD:&nbsp;288.000 Project title:&nbsp;Autonomous Festival of Women \u2013 AF\u017d 2 Autonomous Festival of Women emerged in Novi Sad in 2020 with the aim of regrouping the activist feminist forces in Novi ... MORE","og_url":"https:\/\/staging.rwfund.org\/eng\/2021-2\/special-focus-2021\/june\/","og_site_name":"Reconstruction Women&#039;s Fund","article_modified_time":"2021-06-15T19:57:36+00:00","twitter_card":"summary_large_image","twitter_misc":{"Est. reading time":"8 minutes"},"schema":{"@context":"https:\/\/schema.org","@graph":[{"@type":"WebPage","@id":"https:\/\/staging.rwfund.org\/eng\/2021-2\/special-focus-2021\/june\/","url":"https:\/\/staging.rwfund.org\/eng\/2021-2\/special-focus-2021\/june\/","name":"June - Reconstruction Women&#039;s Fund","isPartOf":{"@id":"https:\/\/staging.rwfund.org\/eng\/#website"},"datePublished":"2021-06-15T19:45:47+00:00","dateModified":"2021-06-15T19:57:36+00:00","breadcrumb":{"@id":"https:\/\/staging.rwfund.org\/eng\/2021-2\/special-focus-2021\/june\/#breadcrumb"},"inLanguage":"en-US","potentialAction":[{"@type":"ReadAction","target":["https:\/\/staging.rwfund.org\/eng\/2021-2\/special-focus-2021\/june\/"]}]},{"@type":"BreadcrumbList","@id":"https:\/\/staging.rwfund.org\/eng\/2021-2\/special-focus-2021\/june\/#breadcrumb","itemListElement":[{"@type":"ListItem","position":1,"name":"Home","item":"https:\/\/staging.rwfund.org\/eng\/"},{"@type":"ListItem","position":2,"name":"2021","item":"https:\/\/staging.rwfund.org\/eng\/2021-2\/"},{"@type":"ListItem","position":3,"name":"Special Focus 2021","item":"https:\/\/staging.rwfund.org\/eng\/2021-2\/special-focus-2021\/"},{"@type":"ListItem","position":4,"name":"June"}]},{"@type":"WebSite","@id":"https:\/\/staging.rwfund.org\/eng\/#website","url":"https:\/\/staging.rwfund.org\/eng\/","name":"Reconstruction Women&#039;s Fund","description":"Reconstruction Women&#039;s Fund","publisher":{"@id":"https:\/\/staging.rwfund.org\/eng\/#organization"},"potentialAction":[{"@type":"SearchAction","target":{"@type":"EntryPoint","urlTemplate":"https:\/\/staging.rwfund.org\/eng\/?s={search_term_string}"},"query-input":{"@type":"PropertyValueSpecification","valueRequired":true,"valueName":"search_term_string"}}],"inLanguage":"en-US"},{"@type":"Organization","@id":"https:\/\/staging.rwfund.org\/eng\/#organization","name":"Reconstruction Women's Fund","url":"https:\/\/staging.rwfund.org\/eng\/","logo":{"@type":"ImageObject","inLanguage":"en-US","@id":"https:\/\/staging.rwfund.org\/eng\/#\/schema\/logo\/image\/","url":"https:\/\/staging.rwfund.org\/eng\/wp-content\/uploads\/sites\/2\/2021\/03\/LOGO-CROP_V1.svg","contentUrl":"https:\/\/staging.rwfund.org\/eng\/wp-content\/uploads\/sites\/2\/2021\/03\/LOGO-CROP_V1.svg","width":420,"height":640,"caption":"Reconstruction Women's Fund"},"image":{"@id":"https:\/\/staging.rwfund.org\/eng\/#\/schema\/logo\/image\/"}}]}},"taxonomy_info":[],"featured_image_src_large":false,"author_info":{"display_name":"Vlidi","author_link":"https:\/\/staging.rwfund.org\/eng\/author\/testadmin\/"},"comment_info":0,"_links":{"self":[{"href":"https:\/\/staging.rwfund.org\/eng\/wp-json\/wp\/v2\/pages\/14607","targetHints":{"allow":["GET"]}}],"collection":[{"href":"https:\/\/staging.rwfund.org\/eng\/wp-json\/wp\/v2\/pages"}],"about":[{"href":"https:\/\/staging.rwfund.org\/eng\/wp-json\/wp\/v2\/types\/page"}],"author":[{"embeddable":true,"href":"https:\/\/staging.rwfund.org\/eng\/wp-json\/wp\/v2\/users\/1"}],"replies":[{"embeddable":true,"href":"https:\/\/staging.rwfund.org\/eng\/wp-json\/wp\/v2\/comments?post=14607"}],"version-history":[{"count":2,"href":"https:\/\/staging.rwfund.org\/eng\/wp-json\/wp\/v2\/pages\/14607\/revisions"}],"predecessor-version":[{"id":14610,"href":"https:\/\/staging.rwfund.org\/eng\/wp-json\/wp\/v2\/pages\/14607\/revisions\/14610"}],"up":[{"embeddable":true,"href":"https:\/\/staging.rwfund.org\/eng\/wp-json\/wp\/v2\/pages\/3181"}],"wp:attachment":[{"href":"https:\/\/staging.rwfund.org\/eng\/wp-json\/wp\/v2\/media?parent=14607"}],"wp:term":[{"taxonomy":"category","embeddable":true,"href":"https:\/\/staging.rwfund.org\/eng\/wp-json\/wp\/v2\/categories?post=14607"},{"taxonomy":"post_tag","embeddable":true,"href":"https:\/\/staging.rwfund.org\/eng\/wp-json\/wp\/v2\/tags?post=14607"}],"curies":[{"name":"wp","href":"https:\/\/api.w.org\/{rel}","templated":true}]}}